{"id":3,"date":"2020-10-26T13:43:16","date_gmt":"2020-10-26T13:43:16","guid":{"rendered":"https:\/\/neurosurgeryonair.com\/?page_id=3"},"modified":"2023-09-26T12:11:06","modified_gmt":"2023-09-26T12:11:06","slug":"privacy-policy","status":"publish","type":"page","link":"https:\/\/stage.neurosurgeryonair.com\/it\/privacy-policy\/","title":{"rendered":"Politica della privacy"},"content":{"rendered":"<p><strong>Politica della privacy<\/strong><\/p>\n\n\n\n<p><strong>INFORMATIVA SUL TRATTAMENTO DEI DATI PERSONALI AI SENSI DEGLI ARTICOLI 13 E 14 REG.UE 679\/2016 (GDPR)<\/strong><\/p>\n\n\n\n<p>La presente informativa, resa ai sensi dell\u2019art.13 e 14 del Regolamento UE 2016\/679 (Il Regolamento), descrive le modalit\u00e0 di trattamento dei dati personali forniti per iscriversi agli eventi o  accedere ai servizi erogati, per il tramite del sito www.neurosurgeryonair.com, associato a Medflix s.r.l.<\/p>\n\n\n\n<p><strong>TITOLARE DEL TRATTAMENTO<\/strong><\/p>\n\n\n\n<p>This information is provided pursuant to and for the purposes of articles 13 and 14 of European Regulation n\u00b0 679\/2016 (GDPR) by Medflix s.r.l., with registered office in via Giovanni Boccaccio n.7 Milan, in the person of its legal representative Mr Ioannis Spandonis, as Data Controller. The data controller has appointed a data protection officer, who can be reached at privacy@medflix.eu.<\/p>\n\n\n\n<p>In accordance with the legislation in force, every operation concerning the personal data collected shall be based on the principles of correctness, lawfulness and transparency, limitation of purposes and storage, data minimization, accuracy, integrity and confidentiality.&nbsp;<\/p>\n\n\n\n<p>La presente informativa \u00e8 rivolta agli Utenti del sito www.neurosurgeryonair.com.<\/p>\n\n\n\n<p><strong>TIPOLOGIA DI DATI TRATTATI<\/strong><\/p>\n\n\n\n<p>Medflix s.r.l., in qualit\u00e0 di titolare raccoglie e tratta i seguenti dati personali delle persone fisiche che richiedono di effettuare la registrazione sul sito e accedere ai nostri servizi.<\/p>\n\n\n\n<p>a) Dati identificativi (nome e cognome) per creare il profilo utente e associarlo ad una persona determinata;<\/p>\n\n\n\n<p>b) Dati di contatto (indirizzo e-mail, numero di telefono) per creare il profilo, per inviarti comunicazioni relative alla gestione e prenotazione dell\u2019evento;<\/p>\n\n\n\n<p>c) Immagini video, fotografie o altri materiali audiovisivi effettuati e\/o registrati durante lo svolgimento dell\u2019evento in modalit\u00e0 streaming o su piattaforma digitale.<\/p>\n\n\n\n<p>d) Dati identificativi (informazioni di tracciamento, indirizzi IP) per l\u2019utilizzo del sito;<\/p>\n\n\n\n<p>e) Dati identificativi (numero carta di credito) per registrarti all\u2019evento;<\/p>\n\n\n\n<p><strong>FINALITA\u2019 DEL TRATTAMENTO<\/strong><\/p>\n\n\n\n<p>Il trattamento che intendiamo effettuare, dietro suo specifico consenso, ove necessario, ha le seguenti finalit\u00e0<\/p>\n\n\n\n<p><strong>PER CREARE, MANTENERE E GESTIRE IL TUO ACCOUNT SU ENDOSCOPYONAIR<\/strong><\/p>\n\n\n\n<p>a) Il trattamento dei dati Utente \u00e8 necessario per effettuare l\u2019iscrizione sul sito neurosurgeryonair.com e per le relative attivit\u00e0 amministrative e di gestione del servizio.<\/p>\n\n\n\n<p><strong>BASE GIURIDICA<\/strong><\/p>\n\n\n\n<p>a) Per l\u2019iscrizione al sito endoscopyonair, la base giuridica per questo trattamento deriva dal tuo consenso espresso secondo l\u2019Articolo 6 paragrafo 1 lettera a) del GDPR;<\/p>\n\n\n\n<p>b) Per le attivit\u00e0 amministrative legate all\u2019iscrizione e alla gestione dell\u2019account sul sito endoscopyonair, la base giuridica di questo trattamento risiede nell\u2019obbligo contrattuale tra Medflix.s.r.l. e l\u2019Utente (Interessato) ai sensi dell\u2019Articolo 6 paragrafo 1 lettera b) del GDPR;<\/p>\n\n\n\n<p>c) Per consertirci di contattarti tramite canali digitali in caso di problemi tecnici o per questioni amministrative, la base giuridica di questo trattamento \u00e8 il legittimo interesse del Titolare ai sensi dell\u2019Articolo 6 paragrafo 1 lettera f) del GDPR;<\/p>\n\n\n\n<p><strong>PER COMUNICARE INFORMAZIONI RELATIVE AD ALTRI SERVIZI OFFERTI DA ENDOSCOPYONAIR<\/strong><\/p>\n\n\n\n<p><strong>NOTA BENE<\/strong>: La base giuridica \u00e8 il tuo esplicito consenso ai sensi dell\u2019Articolo 6 paragrafo 1 lettera a), in mancanza del quale non si procedere con queste attivit\u00e0 di trattamento;<\/p>\n\n\n\n<p>a) I dati Utente saranno trattati per inviare comunicazioni di marketing diretto, newsletter, materiale promozionale, attraverso  sistemi tradizionali di contatto e sistemi automatizzati;<\/p>\n\n\n\n<p>b) I dati Utente saranno trattati per attivit\u00e0 di determinazione delle abitudini e delle preferenze mediante trattamenti di profilazione;<\/p>\n\n\n\n<p>b.1) In case of data processing for the purpose of using personalized services by means of profiling, the same may be subject to an automated decision-making process, by means of a specific algorithm that will decide which communications are most suitable for User\u2019s profile or which may be of most interest;<\/p>\n\n\n\n<p><strong>MODALITA\u2019 DI TRATTAMENTO E CONSERVAZIONE<\/strong><\/p>\n\n\n\n<p>La disponibilit\u00e0, la gestione, l\u2019accesso, la conservazione e la fruibilit\u00e0 dei Dati Personali \u00e8 garantita dall\u2019adozione di misure tecniche e organizzative per assicurare idonei livelli di sicurezza ai sensi degli artt. 25 e 32 del GDPR, nonch\u00e9, in relazione alle specifiche finalit\u00e0 di trattamento individuate dalla Normativa Privacy Applicabile, per assicurare la conformit\u00e0 alle misure di garanzia del Garante per la protezione dei dati personali e alle pertinenti disposizioni di settore.<\/p>\n\n\n\n<p>Nello specifico:<\/p>\n\n\n\n<p>\u2013 Your personal data will be kept in a form that allows the identification of the data subjects for a period of time not exceeding the fulfillment of the purposes for which they were processed (5 years); Your data may be kept for longer periods in accordance with Article 89 paragraph 1;<\/p>\n\n\n\n<p>\u2013 Your personal data collected for direct marketing purposes will be kept until you withdraw your consent and, in any case, for no longer than 24 months.<\/p>\n\n\n\n<p>\u2013 Your personal data collected for profiling purposes will be kept until you withdraw your consent and, in any case, for no longer than&nbsp; 12 months.<\/p>\n\n\n\n<p>Il Titolare potrebbe essere obbligato a conservare i Dati Personali per un periodo pi\u00f9 lungo in ottemperanza ad un obbligo di legge o per ordine di un\u2019autorit\u00e0, ovvero per il proprio legittimo interesse al fine di tutelare un proprio diritto, anche in sede giudiziaria.<\/p>\n\n\n\n<p>Al termine del periodo di conservazione i Dati Personali saranno cancellati. Pertanto, allo spirare di tale termine il diritto di accesso, cancellazione, rettificazione ed il diritto alla portabilit\u00e0 dei dati non potranno pi\u00f9 essere esercitati.<\/p>\n\n\n\n<p><strong>CATEGORIE DI DESTINATARI<\/strong><\/p>\n\n\n\n<p>Per il perseguimento delle finalit\u00e0 descritte, il Titolare pu\u00f2 avere la necessit\u00e0 di comunicare i Suoi Dati Personali a soggetti terzi, appartenenti alle seguenti categorie:<\/p>\n\n\n\n<p>a) Soggetti che per il Titolare curano adempimenti di carattere contabile e giuslavoristico;<\/p>\n\n\n\n<p>b) Subjects that provide services for the management of the Owner\u2019s information system;<\/p>\n\n\n\n<p>c) Societ\u00e0 che, appartenente a Medflix s.r.l., si occupa di ospitare gli eventi in modalit\u00e0 live;<\/p>\n\n\n\n<p>d) Societ\u00e0 che si occupa dei pagamenti per conto del Titolare;<\/p>\n\n\n\n<p>e) Societ\u00e0 che si occupa di comunicare aggiornamenti del sito web o invitare agli eventi;<\/p>\n\n\n\n<p>I soggetti appartenenti alle categorie sopra riportate operano in qualit\u00e0 di Responsabili del Trattamento ex art 28 Reg. UE 679\/2016 appositamente nominati.<\/p>\n\n\n\n<p>Inoltre, per il perseguimento delle richiamate finalit\u00e0, i Suoi Dati Personali sono trattati e conosciuti dai dipendenti e dai collaboratori di Medflix s.r.l. appositamente designati quali persone Autorizzate al Trattamento ex art 29 Reg. UE 679\/2016, in ragione dei differenti compiti assegnati a ciascuno di essi e delle istruzioni impartite.<\/p>\n\n\n\n<p>The list of Data Processors and Data Trustees appointed is made available by the Data Controller for consultation, upon request to its contact details. privacy@medflix.eu<\/p>\n\n\n\n<p><strong>TRASFERIMENTO DEI DATI<\/strong><\/p>\n\n\n\n<p>Il Titolare potrebbe trasferire i dati personali a un Paese Terzo o a un\u2019organizzazione internazionale.<\/p>\n\n\n\n<p>Il trasferimento di dati personali verso tali soggetti, qualora stabiliti in un Paese Terzo o un\u2019organizzazione internazionale, \u00e8 effettuata in presenza di una decisione di adeguatezza della Commissione Europea che ha verificato come il Paese Terzo, il territorio o uno o pi\u00f9 settori specifici all\u2019interno del paese terzo, o l\u2019organizzazione internazionale in questione garantiscono un livello di protezione adeguato dei diritti. In ogni caso, il Titolare ha concluso specifici accordi (SCC) che obbligano tali soggetti ad adottare misure di sicurezza, anche organizzative, volte ad offrire garanzie appropriate in merito ai diritti. I dati potrebbero essere cos\u00ec trasferiti nei seguenti paesi ma non solo: Giappone, Cina, Australia, America Latina e Stati Uniti d\u2019America.&nbsp;<\/p>\n\n\n\n<p><strong>DIRITTI DELL\u2019INTERESSATO<\/strong><\/p>\n\n\n\n<p>La normativa in materia di tutela dei dati personali ti offre la possibilit\u00e0 di esercitare diversi diritti. Ai sensi degli art. dal 15 al 22 del GDPR, ha il diritto di ottenere la conferma che sia o meno in corso il trattamento dei tuoi dati e in tal caso, di ottenere l\u2019accesso ai suoi dati. Consulti qui l\u2019elenco completo di tutti i diritti che pu\u00f2 esercitare.<\/p>\n\n\n\n<p>a)Ottenere da parte nostra, in qualit\u00e0 di Titolare, la conferma della conservazione, i destinatari o le categorie di destinatari cui i dati sono stati o saranno comunicati, in particolare se destinatari di Paesi Terzi o organizzazioni internazionali, il periodo di conservazione dei dati previsto o i criteri utilizzati per determinare tale periodo (Art. 15 GDPR);<\/p>\n\n\n\n<p>(b) Chiederci la rettifica, la cancellazione dei dati o la limitazione del trattamento dei dati che ti riguardano (Art. 16 e 17 GDPR);<\/p>\n\n\n\n<p>(c) Limitare il trattamento dei suoi dati (Art. 18 GDPR);<\/p>\n\n\n\n<p>d) Object to the processing of your data, without prejudice to the Data Controller\u2019s right to assess your request, which may not be accepted if there are compelling legitimate grounds for processing that override your interests, rights and freedoms (Art. 21 GDPR);<\/p>\n\n\n\n<p>(e) Revocare il consenso in qualsiasi momento, senza pregiudicare la liceit\u00e0 del trattamento basato sul consenso prestato prima della revoca (Art. 7 GDPR);<\/p>\n\n\n\n<p>f) Ottenere notifica in caso di rettifica o cancellazione o limitazione del trattamento dei dati (Art. 19 GDPR);<\/p>\n\n\n\n<p>g) Ottenere notifica in caso di rettifica o cancellazione o limitazione del trattamento dei dati (Art. 19 GDPR);<\/p>\n\n\n\n<p>h) Proporre reclamo all\u2019Autorit\u00e0 di controllo presso il Garante per la protezione dei dati (Art. 77 GDPR);<\/p>\n\n\n\n<p>(i) Opporsi in qualsiasi momento al trattamento dei dati personali che lo riguardano ai sensi dell\u2019art 6 paragrafo 1 lettere e) o f), compresa la profilazione sulla base di tali disposizioni. (Art. 21(1) GDPR);<\/p>\n\n\n\n<p>(j) Opporsi in qualsiasi momento al trattamento dei dati personali che lo riguardano ai sensi dell\u2019art 6 paragrafo 1 lettere e) o f), compresa la profilazione sulla base di tali disposizioni. (Art. 21(1) GDPR);<\/p>\n\n\n\n<p><strong>REDIRECT OF ESTERNAL SITES<\/strong><\/p>\n\n\n\n<p>The Site may use so-called social plug-ins, i.e., special tools that make it possible to incorporate the functions of a social network directly into the Site (e.g., the Facebook \u2018like\u2019 function).&nbsp;<br>All social plug-ins on the Site are marked with the respective logo owned by the social networking platform.&nbsp;<br>When you visit a page on the Site and interact with the plug-in (e.g., by clicking the \u201clike\u201d button) or decide to leave a comment, the corresponding information is transmitted from your browser directly to the social networking platform (in our example, Facebook) and stored there.&nbsp;<br>For information on the purposes, type, and manner of collection, processing, use, and storage of Personal Data by the social network platform, as well as on how to exercise your rights, please consult the privacy policy of the individual social network.<\/p>\n\n\n\n<p><strong>MINORI<\/strong><\/p>\n\n\n\n<p>Our site is not suitable for minors under the age of 18, but is intended for an adult audience. If you are a parent or guardian and you think your child has transmitted data to us, you can contact us at privacy@medflix.eu<\/p>\n\n\n\n<p><strong>MODIFICHE<\/strong><\/p>\n\n\n\n<p>La presente Privacy Policy \u00e8 entrata in vigore dal 23 marzo 2022. Il titolare si riserva di modificarne o semplicemente aggiornare il contenuto anche a causa di variazioni della normativa applicabile. Il contenuto del sito e della presente privacy policy potrebbero essere soggetti a variazione, pertanto il titolare invita a visitare con regolarit\u00e0 questa sezione per prendere cognizione della pi\u00f9 recente e aggiornata versione della privacy policy in modo da essere sempre aggiornato sui dati raccolti e sull\u2019uso che ne viene fatto.<\/p>","protected":false},"excerpt":{"rendered":"<p>Privacy Policy INFORMATION ON THE PROCESSING OF PERSONAL DATA PURSUANT TO ARTICLES 13 AND 14 OF EU REGULATION N\u00b0 679\/2016 (GDPR) This information notice, provided pursuant to article 13 of the EU Regulation n\u00b0 679\/2016 (from now \u201cThe Regulation\u201d), sets out the methods for processing personal data provided to register for events or access the [&hellip;]<\/p>\n","protected":false},"author":1,"featured_media":0,"parent":0,"menu_order":0,"comment_status":"closed","ping_status":"open","template":"page-alternative.php","meta":{"footnotes":""},"class_list":["post-3","page","type-page","status-publish","hentry"],"yoast_head":"<!-- This site is optimized with the Yoast SEO plugin v27.5 - https:\/\/yoast.com\/product\/yoast-seo-wordpress\/ -->\n<title>Privacy Policy - Neuro Surgery On Air<\/title>\n<meta name=\"robots\" content=\"index, follow, max-snippet:-1, max-image-preview:large, max-video-preview:-1\" \/>\n<link rel=\"canonical\" href=\"https:\/\/neurosurgeryonair.com\/privacy-policy\/\" \/>\n<meta property=\"og:locale\" content=\"it_IT\" \/>\n<meta property=\"og:type\" content=\"article\" \/>\n<meta property=\"og:title\" content=\"Privacy Policy - Neuro Surgery On Air\" \/>\n<meta property=\"og:description\" content=\"Privacy Policy INFORMATION ON THE PROCESSING OF PERSONAL DATA PURSUANT TO ARTICLES 13 AND 14 OF EU REGULATION N\u00b0 679\/2016 (GDPR) This information notice, provided pursuant to article 13 of the EU Regulation n\u00b0 679\/2016 (from now \u201cThe Regulation\u201d), sets out the methods for processing personal data provided to register for events or access the [&hellip;]\" \/>\n<meta property=\"og:url\" content=\"https:\/\/neurosurgeryonair.com\/privacy-policy\/\" \/>\n<meta property=\"og:site_name\" content=\"Neuro Surgery On Air\" \/>\n<meta property=\"article:modified_time\" content=\"2023-09-26T12:11:06+00:00\" \/>\n<meta name=\"twitter:card\" content=\"summary_large_image\" \/>\n<meta name=\"twitter:label1\" content=\"Tempo di lettura stimato\" \/>\n\t<meta name=\"twitter:data1\" content=\"8 minuti\" \/>\n<script type=\"application\/ld+json\" class=\"yoast-schema-graph\">{\"@context\":\"https:\\\/\\\/schema.org\",\"@graph\":[{\"@type\":\"WebPage\",\"@id\":\"https:\\\/\\\/neurosurgeryonair.com\\\/privacy-policy\\\/\",\"url\":\"https:\\\/\\\/neurosurgeryonair.com\\\/privacy-policy\\\/\",\"name\":\"Privacy Policy - Neuro Surgery On Air\",\"isPartOf\":{\"@id\":\"https:\\\/\\\/neurosurgeryonair.com\\\/#website\"},\"datePublished\":\"2020-10-26T13:43:16+00:00\",\"dateModified\":\"2023-09-26T12:11:06+00:00\",\"inLanguage\":\"it-IT\",\"potentialAction\":[{\"@type\":\"ReadAction\",\"target\":[\"https:\\\/\\\/neurosurgeryonair.com\\\/privacy-policy\\\/\"]}]},{\"@type\":\"WebSite\",\"@id\":\"https:\\\/\\\/neurosurgeryonair.com\\\/#website\",\"url\":\"https:\\\/\\\/neurosurgeryonair.com\\\/\",\"name\":\"Neuro Surgery On Air\",\"description\":\"\",\"publisher\":{\"@id\":\"https:\\\/\\\/neurosurgeryonair.com\\\/#organization\"},\"potentialAction\":[{\"@type\":\"SearchAction\",\"target\":{\"@type\":\"EntryPoint\",\"urlTemplate\":\"https:\\\/\\\/neurosurgeryonair.com\\\/?s={search_term_string}\"},\"query-input\":{\"@type\":\"PropertyValueSpecification\",\"valueRequired\":true,\"valueName\":\"search_term_string\"}}],\"inLanguage\":\"it-IT\"},{\"@type\":\"Organization\",\"@id\":\"https:\\\/\\\/neurosurgeryonair.com\\\/#organization\",\"name\":\"Neuro Surgery On Air\",\"url\":\"https:\\\/\\\/neurosurgeryonair.com\\\/\",\"logo\":{\"@type\":\"ImageObject\",\"inLanguage\":\"it-IT\",\"@id\":\"https:\\\/\\\/neurosurgeryonair.com\\\/#\\\/schema\\\/logo\\\/image\\\/\",\"url\":\"https:\\\/\\\/stage.neurosurgeryonair.com\\\/wp-content\\\/uploads\\\/2024\\\/11\\\/cropped-logo_uoa_color.png\",\"contentUrl\":\"https:\\\/\\\/stage.neurosurgeryonair.com\\\/wp-content\\\/uploads\\\/2024\\\/11\\\/cropped-logo_uoa_color.png\",\"width\":1025,\"height\":200,\"caption\":\"Neuro Surgery On Air\"},\"image\":{\"@id\":\"https:\\\/\\\/neurosurgeryonair.com\\\/#\\\/schema\\\/logo\\\/image\\\/\"}}]}<\/script>\n<!-- \/ Yoast SEO plugin. -->","yoast_head_json":{"title":"Privacy Policy - Neuro Surgery On Air","robots":{"index":"index","follow":"follow","max-snippet":"max-snippet:-1","max-image-preview":"max-image-preview:large","max-video-preview":"max-video-preview:-1"},"canonical":"https:\/\/neurosurgeryonair.com\/privacy-policy\/","og_locale":"it_IT","og_type":"article","og_title":"Privacy Policy - Neuro Surgery On Air","og_description":"Privacy Policy INFORMATION ON THE PROCESSING OF PERSONAL DATA PURSUANT TO ARTICLES 13 AND 14 OF EU REGULATION N\u00b0 679\/2016 (GDPR) This information notice, provided pursuant to article 13 of the EU Regulation n\u00b0 679\/2016 (from now \u201cThe Regulation\u201d), sets out the methods for processing personal data provided to register for events or access the [&hellip;]","og_url":"https:\/\/neurosurgeryonair.com\/privacy-policy\/","og_site_name":"Neuro Surgery On Air","article_modified_time":"2023-09-26T12:11:06+00:00","twitter_card":"summary_large_image","twitter_misc":{"Tempo di lettura stimato":"8 minuti"},"schema":{"@context":"https:\/\/schema.org","@graph":[{"@type":"WebPage","@id":"https:\/\/neurosurgeryonair.com\/privacy-policy\/","url":"https:\/\/neurosurgeryonair.com\/privacy-policy\/","name":"Privacy Policy - Neuro Surgery On Air","isPartOf":{"@id":"https:\/\/neurosurgeryonair.com\/#website"},"datePublished":"2020-10-26T13:43:16+00:00","dateModified":"2023-09-26T12:11:06+00:00","inLanguage":"it-IT","potentialAction":[{"@type":"ReadAction","target":["https:\/\/neurosurgeryonair.com\/privacy-policy\/"]}]},{"@type":"WebSite","@id":"https:\/\/neurosurgeryonair.com\/#website","url":"https:\/\/neurosurgeryonair.com\/","name":"Neuro Surgery On Air","description":"","publisher":{"@id":"https:\/\/neurosurgeryonair.com\/#organization"},"potentialAction":[{"@type":"SearchAction","target":{"@type":"EntryPoint","urlTemplate":"https:\/\/neurosurgeryonair.com\/?s={search_term_string}"},"query-input":{"@type":"PropertyValueSpecification","valueRequired":true,"valueName":"search_term_string"}}],"inLanguage":"it-IT"},{"@type":"Organization","@id":"https:\/\/neurosurgeryonair.com\/#organization","name":"Neuro Surgery On Air","url":"https:\/\/neurosurgeryonair.com\/","logo":{"@type":"ImageObject","inLanguage":"it-IT","@id":"https:\/\/neurosurgeryonair.com\/#\/schema\/logo\/image\/","url":"https:\/\/stage.neurosurgeryonair.com\/wp-content\/uploads\/2024\/11\/cropped-logo_uoa_color.png","contentUrl":"https:\/\/stage.neurosurgeryonair.com\/wp-content\/uploads\/2024\/11\/cropped-logo_uoa_color.png","width":1025,"height":200,"caption":"Neuro Surgery On Air"},"image":{"@id":"https:\/\/neurosurgeryonair.com\/#\/schema\/logo\/image\/"}}]}},"acf":[],"_links":{"self":[{"href":"https:\/\/stage.neurosurgeryonair.com\/it\/wp-json\/wp\/v2\/pages\/3","targetHints":{"allow":["GET"]}}],"collection":[{"href":"https:\/\/stage.neurosurgeryonair.com\/it\/wp-json\/wp\/v2\/pages"}],"about":[{"href":"https:\/\/stage.neurosurgeryonair.com\/it\/wp-json\/wp\/v2\/types\/page"}],"author":[{"embeddable":true,"href":"https:\/\/stage.neurosurgeryonair.com\/it\/wp-json\/wp\/v2\/users\/1"}],"replies":[{"embeddable":true,"href":"https:\/\/stage.neurosurgeryonair.com\/it\/wp-json\/wp\/v2\/comments?post=3"}],"version-history":[{"count":6,"href":"https:\/\/stage.neurosurgeryonair.com\/it\/wp-json\/wp\/v2\/pages\/3\/revisions"}],"predecessor-version":[{"id":6522,"href":"https:\/\/stage.neurosurgeryonair.com\/it\/wp-json\/wp\/v2\/pages\/3\/revisions\/6522"}],"wp:attachment":[{"href":"https:\/\/stage.neurosurgeryonair.com\/it\/wp-json\/wp\/v2\/media?parent=3"}],"curies":[{"name":"wp","href":"https:\/\/api.w.org\/{rel}","templated":true}]}}