{"id":2590,"date":"2022-03-23T12:18:26","date_gmt":"2022-03-23T12:18:26","guid":{"rendered":"https:\/\/neurosurgeryonair.com\/?page_id=2590"},"modified":"2022-04-11T10:41:25","modified_gmt":"2022-04-11T10:41:25","slug":"terms-and-conditions","status":"publish","type":"page","link":"https:\/\/stage.neurosurgeryonair.com\/it\/terms-and-conditions\/","title":{"rendered":"Termini e condizioni"},"content":{"rendered":"<p>Il presente documento riporta i termini e le condizioni generali sulla base dei quali viene\nofferto agli utenti l\u2019uso del sito web www.neurosurgeryonair.com<\/p>\n\n\n\n<ol class=\"wp-block-list\"><li><strong>Definizioni<\/strong><\/li><\/ol>\n\n\n\n<p>Per consentire una completa comprensione e accettazione dei presenti termini e condizioni, i seguenti termini, al singolare e al plurale, avranno il significato di seguito indicato:<\/p>\n\n\n\n<p>\u2013 Titolare: Medflix s.r.l., in persona del legale rappresentante Ioannis Spandonis<\/p>\n\n\n\n<p>\u2013 Piattaforma: il sito web www.neurosurgeryonair.com<\/p>\n\n\n\n<p>\u2013 Servizi: qualsiasi prestazione di servizio o servizio digitale fornito dal Titolare<\/p>\n\n\n\n<p>\u2013 Utente: qualunque soggetto che accede e utilizza la Piattaforma<\/p>\n\n\n\n<p>\u2013 Utente Consumatore: la persona fisica maggiorenne che conclude un contratto per scopi estranei alla propria attivit\u00e0 imprenditoriale, commerciale, artigianale o professionale eventualmente svolta.<\/p>\n\n\n\n<p>\u2013 Utente Partner: la persona fisica maggiorenne o persona giuridica che conclude un contratto per lo svolgimento o per esigenze della propria attivit\u00e0 imprenditoriale, commerciale, artigianale o professionale.<\/p>\n\n\n\n<p>\u2013 Condizioni: il presente contratto che disciplina i rapporti tra il Titolare e gli Utenti e la fornitura dei Servizi offerti dal Titolare tramite la Piattaforma.<\/p>\n\n\n\n<p>&nbsp;1.1<strong> &nbsp; &nbsp; Contatti<\/strong><\/p>\n\n\n\n<p>For any clarification or question regarding these Conditions, the Owner may be contacted by email at tech@ceo<\/p>\n\n\n\n<p>2. <strong>Informazioni sull\u2019offerta della Piattaforma<\/strong><\/p>\n\n\n\n<p>La Piattaforma fornisce agli Utenti registrati, a titolo gratuito, la possibilit\u00e0 di prenotazione, gestione e partecipazione ad eventi organizzati online e live aventi ad oggetto interventi in endoscopia. \u00c8 prevista la fornitura del servizio di Newsletter all\u2019indirizzo email comunicato al momento di creazione dell\u2019Account su tematiche relative agli eventi di endoscopia.<\/p>\n\n\n\n<p>3. <strong>Ambito di applicazione delle condizioni<\/strong><\/p>\n\n\n\n<p>L\u2019uso della Piattaforma comporta l\u2019accettazione delle Condizioni da parte dell\u2019Utente. Qualora l\u2019Utente non intenda accettare le Condizioni e\/o qualsiasi altra nota, avviso legale, informativa pubblicati o ivi richiamati non potr\u00e0 utilizzare la Piattaforma n\u00e9 i relativi Servizi. Le Condizioni possono essere modificate in ogni momento. Le Condizioni applicabili sono quelle in vigore alla data di registrazione alla Piattaforma per la partecipazione all\u2019evento. Prima di utilizzare la Piattaforma, l\u2019Utente \u00e8 tenuto a leggere attentamente le Condizioni e a salvarle o stamparle per future consultazioni. Il Titolare si riserva il diritto di variare a propria discrezione, in qualunque momento anche successivo alla registrazione dell\u2019Utente, l\u2019interfaccia grafica della Piattaforma, i Contenuti e la loro organizzazione, nonch\u00e9 ogni altro aspetto che caratterizza la funzionalit\u00e0 e la gestione della Piattaforma comunicando all\u2019Utente, ove occorrenti, le relative istruzioni.<\/p>\n\n\n\n<p>4. <strong>Richiesta di fornitura tramite la piattaforma<\/strong><\/p>\n\n\n\n<p>Tutti i Servizi offerti tramite la Piattaforma sono descritti in maniera dettagliata (visualizzazione di eventi in endoscopia virtuale dal vivo o registrati, possibilit\u00e0 di incontro virtuale tra medici specialisti di tutto il mondo, organizzazione di eventi futuri, registrazione di eventi passati gi\u00e0 realizzati, videoteca sempre a disposizione dell\u2019Utente). Potrebbero evidenziarsi alcuni errori, imprecisioni o piccole differenze tra quanto pubblicato sulla Piattaforma e i Servizi reali. Inoltre, i contenuti multimediali legati ai Servizi sono solo rappresentativi e non costituiscono elemento contrattuale.<\/p>\n\n\n\n<p>Le richieste di fornitura di uno o pi\u00f9 Servizi tramite la Piattaforma sono consentiti sia a Utenti Consumatori sia a Utenti Partner. Alle persone fisiche le richieste di fruizione dei servizi sono consentite solo a condizione che siano maggiorenni.<\/p>\n\n\n\n<p>L\u2019offerta e la disponibilit\u00e0 dei Servizi tramite la Piattaforma costituisce invito ad offrire e la richiesta inviata dall\u2019Utente varr\u00e0 quale proposta contrattuale di richiesta di servizi, soggetta a conferma e\/o accettazione da parte del Titolare secondo quanto descritto di seguito. Pertanto, il Titolare avr\u00e0, a proprio insindacabile giudizio, il diritto di accettare o meno la richiesta dell\u2019Utente senza che quest\u2019ultimo possa eccepire o lamentare alcunch\u00e9 a qualsivoglia titolo e\/o ragione.<\/p>\n\n\n\n<p>Il contratto di fornitura dei Servizi si intende concluso con l\u2019accettazione da parte del Titolare della richiesta dell\u2019Utente. Il Titolare accetter\u00e0 la richiesta dell\u2019Utente mediante l\u2019invio della conferma di registrazione all\u2019indirizzo di posta elettronica indicato dall\u2019Utente oppure tramite la visualizzazione di una pagina web di conferma di registrazione, nella quale saranno riportati dati i di contatto, la data e le fasce orarie in cui verr\u00e0 erogato il servizio.<\/p>\n\n\n\n<p>Il contratto di fornitura dei Servizi non si considera efficace fra le parti in difetto di quanto indicato al punto precedente.<\/p>\n\n\n\n<p>Nel caso in cui il Servizio non fosse disponibile, il Titolare render\u00e0 noto all\u2019Utente i nuovi termini di fornitura, chiedendo se intende confermare la registrazione o meno. Resta inteso che il contratto si intender\u00e0 perfezionato relativamente ai Servizi accettati dal Titolare.<\/p>\n\n\n\n<p>L\u2019Utente si impegna a verificare la correttezza dei dati riportati e a comunicare immediatamente al Titolare eventuali errori e provveder\u00e0 a conservare copia del proprio ordine, della relativa conferma e delle Condizioni.<\/p>\n\n\n\n<p>5. <strong>Registration<\/strong><\/p>\n\n\n\n<p>Per usufruire delle funzionalit\u00e0 della Piattaforma, gli Utenti devono registrarsi fornendo, in maniera veritiera e completa, tutti i dati richiesti nel relativo form di registrazione ed accettare integralmente la privacy policy ( www.endoscopyonair\/privacy policy) e le presenti Condizioni.<\/p>\n\n\n\n<p>La registrazione degli Utenti e il connesso acquisto dei Servizi pu\u00f2 avvenire tramite sito web ( www.neurosurgeryonair.com).  Nel caso di registrazione tramite sito web, \u00e8 possibile effettuare l\u2019autenticazione alla Piattaforma tramite un account che si possiede presso un fornitore di servizi terzo. Se la registrazione avviene attraverso tale fornitore di servizi terzo, l'Utente concede al Titolare l'accesso all'uso di alcune informazioni che ha fornito a tale fornitore di servizi, se e nella misura consentita dai termini e condizioni di tale fornitore di servizi e dell'Informativa Privacy del Titolare.<\/p>\n\n\n\n<p>L\u2019Utente ha l\u2019onere di custodire le proprie credenziali di accesso che devono essere utilizzate esclusivamente dall\u2019Utente e non possono essere cedute a terzi. L\u2019Utente si impegna a tenerle segrete e ad assicurarsi che nessun terzo vi abbia accesso e a informare immediatamente il Titolare nel caso in cui sospetti o venga a conoscenza di un uso indebito o di una indebita divulgazione delle stesse.<\/p>\n\n\n\n<p>L'Utente garantisce che le informazioni personali fornite durante la procedura di registrazione sono complete e veritiere e si impegna a tenere il Titolare indenne e manlevato da qualsiasi danno, obbligo risarcitorio e\/o sanzione derivante da e\/o in qualsiasi modo collegata alla violazione da parte dell'Utente delle regole sulla registrazione alla Piattaforma o sulla conservazione delle credenziali di registrazione.<\/p>\n\n\n\n<p>6. <strong>Cancellazione account e chiusura<\/strong><\/p>\n\n\n\n<p>L\u2019Utente registrato pu\u00f2 interrompere l\u2019utilizzo della Piattaforma in ogni momento e disattivare il proprio account o richiederne la cancellazione inviando una comunicazione scritta all\u2019indirizzo e-mail tech@medlix.eu.<\/p>\n\n\n\n<p>7. <strong>Modalit\u00e0 di fornitura dei servizi<\/strong><\/p>\n\n\n\n<p>Il Titolare provveder\u00e0 a fornire i Servizi all\u2019Utente, con le modalit\u00e0 e nel termine indicati sulla Piattaforma e riportati nella conferma della registrazione e prenotazione.<\/p>\n\n\n\n<p>In the event that it is not possible to provide the Services requested within this term, the User will be promptly notified by email, indicating when it is expected to be able to provide them or the reasons why the provision is impossible.<\/p>\n\n\n\n<p>8. <strong>Diritti di propriet\u00e0 industriale e intellettuale<\/strong><\/p>\n\n\n\n<p>Il Titolare dichiara di essere titolare e\/o licenziatario di tutti i diritti di propriet\u00e0 intellettuale relativi e\/o afferenti alla Piattaforma e\/o ai Contenuti disponibili sulla Piattaforma. Pertanto, tutti i marchi, figurativi o nominativi e tutti gli altri segni, nomi commerciali, marchi di servizio, marchi denominativi, denominazioni commerciali, illustrazioni, immagini, loghi, contenuti relativi alla Piattaforma sono e rimangono di titolarit\u00e0 del Titolare o dei suoi licenziatari e sono protetti dalle leggi vigenti sui marchi e dai relativi trattati internazionali.<\/p>\n\n\n\n<p>Le Condizioni non concedono all\u2019Utente alcuna licenza d\u2019uso relativa a singoli contenuti e\/o materiali ivi disponibili, se non diversamente disciplinato.<\/p>\n\n\n\n<p>Eventuali riproduzioni in qualunque forma dei testi esplicativi e dei Contenuti della Piattaforma, qualora non autorizzate, saranno considerate violazioni del diritto di propriet\u00e0 intellettuale ed industriale del Titolare.<\/p>\n\n\n\n<p>9. <strong>Esclusione della garanzia<\/strong><\/p>\n\n\n\n<p>La Piattaforma viene fornita \u201dcos\u00ec come \u00e8\u201d e \u201dcome \u00e8 disponibile\u201d e il Titolare non fornisce alcuna garanzia esplicita o implicita in relazione alla piattaforma, n\u00e9 fornisce alcuna garanzia che la Piattaforma potr\u00e0 soddisfare le esigenze degli Utenti o che non avr\u00e0 mai interruzioni o sar\u00e0 priva di errori o che sar\u00e0 priva di virus o bug.<\/p>\n\n\n\n<p>Il Titolare si adoperer\u00e0 per assicurare che la Piattaforma sia disponibile ininterrottamente 24 ore al giorno, ma non potr\u00e0 in alcun modo essere ritenuto responsabile se, per qualsiasi motivo, la Piattaforma non fosse accessibile e\/o operativa in qualsiasi momento o per qualsiasi periodo. L\u2019accesso alla Piattaforma pu\u00f2 essere sospeso temporaneamente e senza preavviso in caso di guasto del sistema, manutenzione, riparazioni o per ragioni del tutto estranee alla volont\u00e0 del Titolare o per eventi di forza maggiore.<\/p>\n\n\n\n<p>10. <strong>Limitazione della responsabilit\u00e0<\/strong><\/p>\n\n\n\n<p>Il Titolare non potr\u00e0 ritenersi responsabile verso l\u2019Utente, salvo il caso di dolo o colpa grave, per disservizi o malfunzionamenti connessi all\u2019utilizzo della rete internet al di fuori del controllo proprio o di suoi fornitori.<\/p>\n\n\n\n<p>Il Titolare non sar\u00e0 inoltre responsabile in merito a danni, perdite e costi subiti dall\u2019Utente a seguito della mancata esecuzione del contratto per cause a lui non imputabili.<\/p>\n\n\n\n<p>Il Titolare non sar\u00e0 responsabile per<\/p>\n\n\n\n<p>a. eventuali perdite di opportunit\u00e0 commerciale e qualsiasi altra perdita, anche indiretta, eventualmente subita dall\u2019Utente che non siano conseguenza diretta della violazione del contratto da parte del Titolare<\/p>\n\n\n\n<p>b. errato o inidoneo utilizzo della Piattaforma da parte degli Utenti o di terzi<\/p>\n\n\n\n<p>c. l\u2019emissione di documenti o dati fiscali errati a causa di errori relativi ai dati forniti dall\u2019Utente, essendo quest\u2019ultimo l\u2019unico responsabile del corretto inserimento<\/p>\n\n\n\n<p>11.&nbsp; &nbsp; <strong>&nbsp;Forza maggiore<\/strong><\/p>\n\n\n\n<p>Il Titolare non potr\u00e0 essere considerato responsabile per il mancato o ritardato adempimento delle proprie obbligazioni, per circostanze al di fuori del controllo ragionevole del Titolare dovute ad eventi di forza maggiore o, comunque, ad eventi imprevisti ed imprevedibili e, comunque, indipendenti dalla sua volont\u00e0.<\/p>\n\n\n\n<p>L\u2019adempimento delle obbligazioni da parte del Titolare si intender\u00e0 sospeso per il periodo in cui si verificano eventi di forza maggiore. Il Titolare metter\u00e0 in atto qualsiasi atto in suo potere al fine di individuare soluzioni che consentano il corretto adempimento delle proprie obbligazioni nonostante la persistenza di eventi di forza maggiore.<\/p>\n\n\n\n<p>12.      <strong>Collegamento a siti terzi<\/strong><\/p>\n\n\n\n<p>La Piattaforma potrebbe contenere collegamenti a siti\/applicazioni di terzi. Il Titolare non esercita alcun controllo su di essi e, pertanto, non \u00e8 in alcun modo responsabile per i contenuti di questi siti\/applicazioni.<\/p>\n\n\n\n<p>Alcuni di questi collegamenti potrebbero rinviare a siti\/applicazioni di terzi che forniscono servizi attraverso la Piattaforma. In questi casi, ai singoli servizi si applicheranno le condizioni generali per l\u2019uso del sito\/applicazione e per la fruizione del servizio predisposte dai terzi, rispetto alle quali il Titolare non assume alcuna responsabilit\u00e0.<\/p>\n\n\n\n<p>13.       <strong>Privacy<\/strong><\/p>\n\n\n\n<p>La tutela e il trattamento dei dati personali avverranno in conformit\u00e0 all\u2019Informativa Privacy che pu\u00f2 essere consultata alla pagina www.neurosurgeryonair.com.<\/p>\n\n\n\n<p>14.       <strong>Legge applicabile e foro competente<\/strong><\/p>\n\n\n\n<p>Le Condizioni sono soggette alla legge italiana. Per gli Utenti Partner, per ogni controversia relativa alla Piattaforma, esecuzione e interpretazione delle presenti Condizioni \u00e8 competente il foro del luogo in cui ha sede il Titolare.<\/p>\n\n\n\n<p>Per gli Utenti Consumatori ogni controversia relativa all\u2019applicazione, esecuzione e interpretazione delle presenti Condizioni sar\u00e0 devoluta al foro del luogo in cui l\u2019Utente Consumatore risiede o ha eletto domicilio, se ubicati nel territorio dello Stato Italiano, salva la facolt\u00e0 per l\u2019Utente Consumatore di adire un giudice diverso da quello del \u201dforo del consumatore\u201d ex art. 66 bis del Codice del Consumo, competente per territorio secondo uno dei criteri di cui agli artt. 18, 19 e 20 del codice processuale civile.<\/p>\n\n\n\n<p>\u00c8 fatta salva l\u2019applicazione agli Utenti Consumatori che non abbiano la loro residenza abituale in Italia delle disposizioni eventualmente pi\u00f9 favorevoli e inderogabili previste dalla legge del paese in cui essi hanno la loro residenza abituale, in particolare in relazione al termine per l'esercizio del diritto di recesso, al termine per la restituzione dei Prodotti, in caso di esercizio di tale diritto, alle modalit\u00e0 e formalit\u00e0 della comunicazione del medesimo e alla garanzia legale di conformit\u00e0.<\/p>\n\n\n\n<p>15.       <strong>Risoluzione delle controversie online per Utenti Consumatori<\/strong><\/p>\n\n\n\n<p>L\u2019Utente Consumatore residente in Europa deve essere a conoscenza del fatto che la Commissione Europea ha istituito una piattaforma online che fornisce uno strumento di risoluzione alternativa delle controversie. Tale strumento pu\u00f2 essere utilizzato dall\u2019Utente Consumatore per risolvere in via non giudiziale ogni controversia relativa a e\/o derivante da contratti di vendita di beni e fornitura di servizi stipulati in rete. Di conseguenza, l\u2019Utente Consumatore pu\u00f2 usare tale piattaforma per la risoluzione di ogni disputa nascente dal contratto stipulato online. La piattaforma \u00e8 disponibile al seguente indirizzo: ec.europa.eu\/consumers\/odr\/<\/p>\n\n\n\n<p>Data 23 marzo 2022<\/p>","protected":false},"excerpt":{"rendered":"<p>This document concerns the general terms and conditions under which the use of the website www.neurosurgeryonair.com is offered to users. Definitions To enable full understanding and acceptance of these terms and conditions, the following terms, in the singular and plural, shall have the meanings indicated below: &#8211; Owner: Medflix s.r.l., in the person of its [&hellip;]<\/p>\n","protected":false},"author":24439,"featured_media":0,"parent":0,"menu_order":0,"comment_status":"closed","ping_status":"closed","template":"page-alternative.php","meta":{"footnotes":""},"class_list":["post-2590","page","type-page","status-publish","hentry"],"yoast_head":"<!-- This site is optimized with the Yoast SEO plugin v27.5 - https:\/\/yoast.com\/product\/yoast-seo-wordpress\/ -->\n<title>Terms and Conditions - Neuro Surgery On Air<\/title>\n<meta name=\"robots\" content=\"index, follow, max-snippet:-1, max-image-preview:large, max-video-preview:-1\" \/>\n<link rel=\"canonical\" href=\"https:\/\/neurosurgeryonair.com\/terms-and-conditions\/\" \/>\n<meta property=\"og:locale\" content=\"it_IT\" \/>\n<meta property=\"og:type\" content=\"article\" \/>\n<meta property=\"og:title\" content=\"Terms and Conditions - Neuro Surgery On Air\" \/>\n<meta property=\"og:description\" content=\"This document concerns the general terms and conditions under which the use of the website www.neurosurgeryonair.com is offered to users. Definitions To enable full understanding and acceptance of these terms and conditions, the following terms, in the singular and plural, shall have the meanings indicated below: &#8211; Owner: Medflix s.r.l., in the person of its [&hellip;]\" \/>\n<meta property=\"og:url\" content=\"https:\/\/neurosurgeryonair.com\/terms-and-conditions\/\" \/>\n<meta property=\"og:site_name\" content=\"Neuro Surgery On Air\" \/>\n<meta property=\"article:modified_time\" content=\"2022-04-11T10:41:25+00:00\" \/>\n<meta name=\"twitter:card\" content=\"summary_large_image\" \/>\n<meta name=\"twitter:label1\" content=\"Tempo di lettura stimato\" \/>\n\t<meta name=\"twitter:data1\" content=\"11 minuti\" \/>\n<script type=\"application\/ld+json\" class=\"yoast-schema-graph\">{\"@context\":\"https:\\\/\\\/schema.org\",\"@graph\":[{\"@type\":\"WebPage\",\"@id\":\"https:\\\/\\\/neurosurgeryonair.com\\\/terms-and-conditions\\\/\",\"url\":\"https:\\\/\\\/neurosurgeryonair.com\\\/terms-and-conditions\\\/\",\"name\":\"Terms and Conditions - Neuro Surgery On Air\",\"isPartOf\":{\"@id\":\"https:\\\/\\\/neurosurgeryonair.com\\\/#website\"},\"datePublished\":\"2022-03-23T12:18:26+00:00\",\"dateModified\":\"2022-04-11T10:41:25+00:00\",\"inLanguage\":\"it-IT\",\"potentialAction\":[{\"@type\":\"ReadAction\",\"target\":[\"https:\\\/\\\/neurosurgeryonair.com\\\/terms-and-conditions\\\/\"]}]},{\"@type\":\"WebSite\",\"@id\":\"https:\\\/\\\/neurosurgeryonair.com\\\/#website\",\"url\":\"https:\\\/\\\/neurosurgeryonair.com\\\/\",\"name\":\"Neuro Surgery On Air\",\"description\":\"\",\"publisher\":{\"@id\":\"https:\\\/\\\/neurosurgeryonair.com\\\/#organization\"},\"potentialAction\":[{\"@type\":\"SearchAction\",\"target\":{\"@type\":\"EntryPoint\",\"urlTemplate\":\"https:\\\/\\\/neurosurgeryonair.com\\\/?s={search_term_string}\"},\"query-input\":{\"@type\":\"PropertyValueSpecification\",\"valueRequired\":true,\"valueName\":\"search_term_string\"}}],\"inLanguage\":\"it-IT\"},{\"@type\":\"Organization\",\"@id\":\"https:\\\/\\\/neurosurgeryonair.com\\\/#organization\",\"name\":\"Neuro Surgery On Air\",\"url\":\"https:\\\/\\\/neurosurgeryonair.com\\\/\",\"logo\":{\"@type\":\"ImageObject\",\"inLanguage\":\"it-IT\",\"@id\":\"https:\\\/\\\/neurosurgeryonair.com\\\/#\\\/schema\\\/logo\\\/image\\\/\",\"url\":\"https:\\\/\\\/stage.neurosurgeryonair.com\\\/wp-content\\\/uploads\\\/2024\\\/11\\\/cropped-logo_uoa_color.png\",\"contentUrl\":\"https:\\\/\\\/stage.neurosurgeryonair.com\\\/wp-content\\\/uploads\\\/2024\\\/11\\\/cropped-logo_uoa_color.png\",\"width\":1025,\"height\":200,\"caption\":\"Neuro Surgery On Air\"},\"image\":{\"@id\":\"https:\\\/\\\/neurosurgeryonair.com\\\/#\\\/schema\\\/logo\\\/image\\\/\"}}]}<\/script>\n<!-- \/ Yoast SEO plugin. -->","yoast_head_json":{"title":"Terms and Conditions - Neuro Surgery On Air","robots":{"index":"index","follow":"follow","max-snippet":"max-snippet:-1","max-image-preview":"max-image-preview:large","max-video-preview":"max-video-preview:-1"},"canonical":"https:\/\/neurosurgeryonair.com\/terms-and-conditions\/","og_locale":"it_IT","og_type":"article","og_title":"Terms and Conditions - Neuro Surgery On Air","og_description":"This document concerns the general terms and conditions under which the use of the website www.neurosurgeryonair.com is offered to users. Definitions To enable full understanding and acceptance of these terms and conditions, the following terms, in the singular and plural, shall have the meanings indicated below: &#8211; Owner: Medflix s.r.l., in the person of its [&hellip;]","og_url":"https:\/\/neurosurgeryonair.com\/terms-and-conditions\/","og_site_name":"Neuro Surgery On Air","article_modified_time":"2022-04-11T10:41:25+00:00","twitter_card":"summary_large_image","twitter_misc":{"Tempo di lettura stimato":"11 minuti"},"schema":{"@context":"https:\/\/schema.org","@graph":[{"@type":"WebPage","@id":"https:\/\/neurosurgeryonair.com\/terms-and-conditions\/","url":"https:\/\/neurosurgeryonair.com\/terms-and-conditions\/","name":"Terms and Conditions - Neuro Surgery On Air","isPartOf":{"@id":"https:\/\/neurosurgeryonair.com\/#website"},"datePublished":"2022-03-23T12:18:26+00:00","dateModified":"2022-04-11T10:41:25+00:00","inLanguage":"it-IT","potentialAction":[{"@type":"ReadAction","target":["https:\/\/neurosurgeryonair.com\/terms-and-conditions\/"]}]},{"@type":"WebSite","@id":"https:\/\/neurosurgeryonair.com\/#website","url":"https:\/\/neurosurgeryonair.com\/","name":"Neuro Surgery On Air","description":"","publisher":{"@id":"https:\/\/neurosurgeryonair.com\/#organization"},"potentialAction":[{"@type":"SearchAction","target":{"@type":"EntryPoint","urlTemplate":"https:\/\/neurosurgeryonair.com\/?s={search_term_string}"},"query-input":{"@type":"PropertyValueSpecification","valueRequired":true,"valueName":"search_term_string"}}],"inLanguage":"it-IT"},{"@type":"Organization","@id":"https:\/\/neurosurgeryonair.com\/#organization","name":"Neuro Surgery On Air","url":"https:\/\/neurosurgeryonair.com\/","logo":{"@type":"ImageObject","inLanguage":"it-IT","@id":"https:\/\/neurosurgeryonair.com\/#\/schema\/logo\/image\/","url":"https:\/\/stage.neurosurgeryonair.com\/wp-content\/uploads\/2024\/11\/cropped-logo_uoa_color.png","contentUrl":"https:\/\/stage.neurosurgeryonair.com\/wp-content\/uploads\/2024\/11\/cropped-logo_uoa_color.png","width":1025,"height":200,"caption":"Neuro Surgery On Air"},"image":{"@id":"https:\/\/neurosurgeryonair.com\/#\/schema\/logo\/image\/"}}]}},"acf":[],"_links":{"self":[{"href":"https:\/\/stage.neurosurgeryonair.com\/it\/wp-json\/wp\/v2\/pages\/2590","targetHints":{"allow":["GET"]}}],"collection":[{"href":"https:\/\/stage.neurosurgeryonair.com\/it\/wp-json\/wp\/v2\/pages"}],"about":[{"href":"https:\/\/stage.neurosurgeryonair.com\/it\/wp-json\/wp\/v2\/types\/page"}],"author":[{"embeddable":true,"href":"https:\/\/stage.neurosurgeryonair.com\/it\/wp-json\/wp\/v2\/users\/24439"}],"replies":[{"embeddable":true,"href":"https:\/\/stage.neurosurgeryonair.com\/it\/wp-json\/wp\/v2\/comments?post=2590"}],"version-history":[{"count":6,"href":"https:\/\/stage.neurosurgeryonair.com\/it\/wp-json\/wp\/v2\/pages\/2590\/revisions"}],"predecessor-version":[{"id":2759,"href":"https:\/\/stage.neurosurgeryonair.com\/it\/wp-json\/wp\/v2\/pages\/2590\/revisions\/2759"}],"wp:attachment":[{"href":"https:\/\/stage.neurosurgeryonair.com\/it\/wp-json\/wp\/v2\/media?parent=2590"}],"curies":[{"name":"wp","href":"https:\/\/api.w.org\/{rel}","templated":true}]}}